{"id":193,"date":"2018-05-24T23:14:53","date_gmt":"2018-05-24T21:14:53","guid":{"rendered":"http:\/\/www.chronerion.com\/media\/?page_id=193"},"modified":"2020-06-19T07:41:07","modified_gmt":"2020-06-19T05:41:07","slug":"impressum","status":"publish","type":"page","link":"https:\/\/www.chronerion.com\/media\/impressum\/","title":{"rendered":"Impressum"},"content":{"rendered":"<p>Informationspflicht laut \u00a75 E-Commerce Gesetz, \u00a714 Unternehmensgesetzbuch, \u00a763 Gewerbeordnung und Offenlegungspflicht laut \u00a725 Mediengesetz.<\/p>\n<p><a href=\"http:\/\/www.chronerion.com\/media\/wp-content\/uploads\/co2020.png\"><img decoding=\"async\" loading=\"lazy\" class=\"size-full wp-image-241 alignnone\" src=\"http:\/\/www.chronerion.com\/media\/wp-content\/uploads\/co2020.png\" alt=\"\" width=\"191\" height=\"68\" \/><\/a><\/p>\n<p><em>chronerion.media wird rein als privates Hobby und Liebhaberei betrieben. Es findet keinerlei kommerzielle Verwertung, gewerbliche T\u00e4tigkeit oder Dienstleistung statt.<\/em><\/p>\n<p><em>chronerion.media is operated purely as a private hobby. No commercial utilization, activity or service takes place.<\/em><\/p>\n<hr \/>\n<p>Quelle: Erstellt mit dem <a title=\"Impressum Generator von firmenwebseiten.at\" href=\"https:\/\/www.firmenwebseiten.at\/impressum-generator\/\" target=\"_blank\" rel=\"follow noopener noreferrer\">Impressum Generator von firmenwebseiten.at<\/a> in Kooperation mit <a class=\"external\" href=\"https:\/\/www.allesholz.at\" target=\"_blank\" rel=\"follow noopener noreferrer\">allesholz.at<\/a><\/p>\n<h2>EU-Streitschlichtung<\/h2>\n<p>Angaben zur Online-Streitbeilegung: Verbraucher haben die M\u00f6glichkeit, Beschwerden an die OnlineStreitbeilegungsplattform der EU zu richten: <a class=\"external\" href=\"https:\/\/ec.europa.eu\/consumers\/odr\/main\/index.cfm?event=main.home2.show&amp;lng=DE\" rel=\"nofollow\">https:\/\/ec.europa.eu\/consumers\/odr\/main\/index.cfm?event=main.home2.show&amp;lng=DE<\/a>. Sie k\u00f6nnen allf\u00e4llige Beschwerde auch an die oben angegebene E-Mail-Adresse richten.<\/p>\n<h2>Haftung f\u00fcr Inhalte dieser Webseite<\/h2>\n<p>Wir entwickeln die Inhalte dieser Webseite st\u00e4ndig weiter und bem\u00fchen uns korrekte und aktuelle Informationen bereitzustellen. Leider k\u00f6nnen wir keine Haftung f\u00fcr die Korrektheit aller Inhalte auf dieser Webseite \u00fcbernehmen, speziell f\u00fcr jene die seitens Dritter bereitgestellt wird. Sollten Ihnen problematische oder rechtswidrige Inhalte auffallen, bitte wir Sie uns umgehend zu kontaktieren, Sie finden die Kontaktdaten im Impressum.<\/p>\n<h2>Haftung f\u00fcr Links auf dieser Webseite<\/h2>\n<p>Unsere Webseite enth\u00e4lt Links zu anderen Webseiten f\u00fcr deren Inhalt wir nicht verantwortlich sind. Wenn Ihnen rechtswidrige Links auf unserer Webseite auffallen, bitte wir Sie uns zu kontaktieren, Sie finden die Kontaktdaten im Impressum.<\/p>\n<h2>Urheberrechtshinweis<\/h2>\n<p>Alle Inhalte dieser Webseite (Bilder, Fotos, Texte, Videos) unterliegen dem Urheberrecht. Falls notwendig, werden wir die unerlaubte Nutzung von Teilen der Inhalte unserer Seite rechtlich verfolgen.<\/p>\n<h2>Bildernachweis<\/h2>\n<p>Die Bilder, Fotos und Grafiken auf dieser Webseite sind urheberrechtlich gesch\u00fctzt.<\/p>\n<p>Die Bilderrechte liegen bei den folgenden Fotografen und Unternehmen:<\/p>\n<ul>\n<li>Christian Haumer<\/li>\n<\/ul>\n<h1>Datenschutzerkl\u00e4rung<\/h1>\n<h2>Datenschutz<\/h2>\n<p>Wir haben diese Datenschutzerkl\u00e4rung verfasst, um Ihnen gem\u00e4\u00df der Vorgaben der EU-Datenschutz-Grundverordnung zu erkl\u00e4ren, welche Informationen wir sammeln, wie wir Daten verwenden und welche Entscheidungsm\u00f6glichkeiten Sie als Besucher dieser Webseite haben.<\/p>\n<p>Leider liegt es in der Natur der Sache, dass diese Erkl\u00e4rungen sehr technisch klingen, wir haben uns bei der Erstellung jedoch bem\u00fcht die wichtigsten Dinge so einfach und klar zu beschreiben.<\/p>\n<h2>Automatische Datenspeicherung<\/h2>\n<p>Wenn Sie heutzutage Webseiten besuchen, werden gewisse Informationen automatisch erstellt und gespeichert, so auch auf dieser Webseite.<\/p>\n<p>Wenn Sie unsere Webseite so wie jetzt gerade besuchen, speichert unser Webserver (Computer auf dem diese Webseite gespeichert ist) automatisch Daten wie die IP-Adresse Ihres Ger\u00e4tes, die Adressen der besuchten Unterseiten, Details zu Ihrem Browser (z.B. Chrome, Firefox, Edge,\u2026) und Datum sowie Uhrzeit. Wir nutzen diese Daten nicht und geben Sie in der Regel nicht weiter, k\u00f6nnen jedoch nicht ausschlie\u00dfen, dass diese Daten beim Vorliegen von rechtswidrigem Verhalten eingesehen werden.<\/p>\n<h2>Ihre Rechte<\/h2>\n<p>Ihnen stehen grunds\u00e4tzlich die Rechte auf Auskunft, Berichtigung, L\u00f6schung, Einschr\u00e4nkung, Daten\u00fcbertragbarkeit, Widerruf und Widerspruch zu. Wenn Sie glauben, dass die Verarbeitung Ihrer Daten gegen das Datenschutzrecht verst\u00f6\u00dft oder Ihre datenschutzrechtlichen Anspr\u00fcche sonst in einer Weise verletzt worden sind, k\u00f6nnen Sie sich bei der Aufsichtsbeh\u00f6rde beschweren. In \u00d6sterreich ist dies die Datenschutzbeh\u00f6rde, deren Webseiten Sie unter <a class=\"external\" href=\"https:\/\/www.dsb.gv.at\/\" rel=\"nofollow\">https:\/\/www.dsb.gv.at\/<\/a> finden.<\/p>\n<h2>Cookies<\/h2>\n<p>Unsere Website verwendet HTTP-Cookies um nutzerspezifische Daten zu speichern.<br \/>\nEin Cookie ist ein kurzes Datenpaket, welches zwischen Webbrowser und Webserver ausgetauscht wird, f\u00fcr diese aber v\u00f6llig bedeutungslos ist und erst f\u00fcr die Webanwendung, z. B. einen Online-Shop, eine Bedeutung erh\u00e4lt, etwa den Inhalt eines virtuellen Warenkorbes.<br \/>\nEs gibt zwei Arten von Cookies: Erstanbieter-Cookies werden von unserer Website erstellt, Drittanbieter-Cookies werden von anderen Websites (z. B. Google Analytics) erstellt.<br \/>\nMan unterscheidet drei Kategorien von Cookies: unbedingt notwendige Cookies um grundlegende Funktionen der Website sicherzustellen, funktionelle Cookies um die Leistung der Webseite sicherzustellen und zielorientierte Cookies um das Benutzererlebnis zu verbessern.<br \/>\nWir nutzen Cookies, um unsere Webseite nutzerfreundlicher zu gestalten. Einige Cookies bleiben auf Ihrem Endger\u00e4t gespeichert, bis Sie diese l\u00f6schen. Sie erm\u00f6glichen es uns, Ihren Browser beim n\u00e4chsten Besuch wiederzuerkennen.<br \/>\nWenn Sie dies nicht w\u00fcnschen, so k\u00f6nnen Sie Ihren Browser so einrichten, dass er Sie \u00fcber das Setzen von Cookies informiert und Sie dies nur im Einzelfall erlauben.<br \/>\nSie k\u00f6nnen jederzeit Cookies, die sich bereits auf Ihrem Computer befinden, l\u00f6schen oder Cookies deaktivieren. Die Vorgangsweise dazu ist nach Browser unterschiedlich, am besten Sie suchen die Anleitung in Google mit dem Suchbegriff \u201ecookies l\u00f6schen chrome\u201c oder \u201ecookies deaktivieren chrome\u201c im Falle eines Chrome Browsers oder tauschen das Wort \u201echrome\u201c gegen den Namen Ihres Browsers, z. B. edge, firefox, safari aus.<br \/>\nWenn Sie uns generell nicht gestatten, Cookies zu nutzen, d.h. diese per Browsereinstellung deaktivieren, k\u00f6nnen manche Funktionen und Seiten nicht wie erwartet funktionieren.<\/p>\n<h2>Google Analytics Datenschutzerkl\u00e4rung<\/h2>\n<p>Wir verwenden auf dieser Webseite Google Analytics der Firma Google Inc. (1600 Amphitheatre Parkway Mountain View, CA 94043, USA) um Besucherdaten statistisch auszuwerten. Dabei verwendet Google Analytics zielorientierte Cookies.<\/p>\n<p>N\u00e4here Informationen zu Nutzungsbedingungen und Datenschutz finden Sie unter <a class=\"external\" href=\"http:\/\/www.google.com\/analytics\/terms\/de.html\" rel=\"nofollow\">http:\/\/www.google.com\/analytics\/terms\/de.html<\/a> bzw. unter <a class=\"external\" href=\"https:\/\/support.google.com\/analytics\/answer\/6004245?hl=de\" rel=\"nofollow\">https:\/\/support.google.com\/analytics\/answer\/6004245?hl=de<\/a>.<\/p>\n<h3>Pseudonymisierung<\/h3>\n<p>Unser Anliegen im Sinne der DSGVO ist die Verbesserung unseres Angebotes und unseres Webauftritts. Da uns die Privatsph\u00e4re unserer Nutzer wichtig ist, werden die Nutzerdaten pseudonymisiert. Die Datenverarbeitung erfolgt auf Basis der gesetzlichen Bestimmungen des \u00a7 96 Abs 3 TKG sowie des Art 6 EU-DSGVO Abs 1 lit a (Einwilligung) und\/oder f (berechtigtes Interesse) der DSGVO.<\/p>\n<h3>Deaktivierung der Datenerfassung durch Google Analytics<\/h3>\n<p>Mithilfe des <strong>Browser-Add-ons zur Deaktivierung<\/strong> von Google Analytics-JavaScript (ga.js, analytics.js, dc.js) k\u00f6nnen Website-Besucher verhindern, dass Google Analytics ihre Daten verwendet.<\/p>\n<p>Sie k\u00f6nnen die Erfassung der durch das Cookie erzeugten und auf Ihre Nutzung der Website bezogenen Daten an Google sowie die Verarbeitung dieser Daten durch Google verhindern, indem Sie das unter dem folgenden Link verf\u00fcgbare Browser-Plugin herunterladen und installieren: <a class=\"external\" href=\"https:\/\/tools.google.com\/dlpage\/gaoptout?hl=de\" rel=\"nofollow\">https:\/\/tools.google.com\/dlpage\/gaoptout?hl=de<\/a>.<\/p>\n<p>&nbsp;<\/p>\n<h2>Google Fonts Datenschutzerkl\u00e4rung<\/h2>\n<p>Wir verwenden Google Fonts der Firma Google Inc. (1600 Amphitheatre Parkway Mountain View, CA 94043, USA) auf unserer Webseite. Die Verwendung von Google Fonts erfolgt ohne Authentisierung und es werden keine Cookies and die Google Fonts API gesendet. Sollten Sie ein Konto bei Google haben, werden keine Ihrer Google-Kontodaten an Google w\u00e4hrend der Nutzung von Google Fonts \u00fcbermittelt. Google erfasst lediglich die Nutzung von CSS und der verwendeten Fonts und speichert diese Daten sicher. Mehr zu diesen und weiteren Fragen finden Sie auf <a class=\"external\" href=\"https:\/\/developers.google.com\/fonts\/faq\" rel=\"nofollow\">https:\/\/developers.google.com\/fonts\/faq<\/a>.<\/p>\n<p>Welche Daten von Google erfasst werden und wof\u00fcr diese Daten verwendet werden, k\u00f6nnen Sie auf <a class=\"external\" href=\"https:\/\/www.google.com\/intl\/de\/policies\/privacy\/\" rel=\"nofollow\">https:\/\/www.google.com\/intl\/de\/policies\/privacy\/<\/a> nachlesen.<\/p>\n","protected":false},"excerpt":{"rendered":"<p>Informationspflicht laut \u00a75 E-Commerce Gesetz, \u00a714 Unternehmensgesetzbuch, \u00a763 Gewerbeordnung und Offenlegungspflicht laut \u00a725 Mediengesetz. chronerion.media wird rein als privates Hobby und Liebhaberei betrieben. Es findet keinerlei kommerzielle Verwertung, gewerbliche T\u00e4tigkeit oder Dienstleistung statt. chronerion.media is operated purely as a private hobby. No commercial utilization, activity or service takes place. Quelle: Erstellt mit dem Impressum Generator [&hellip;]<\/p>\n","protected":false},"author":1,"featured_media":0,"parent":0,"menu_order":0,"comment_status":"closed","ping_status":"closed","template":"","meta":[],"_links":{"self":[{"href":"https:\/\/www.chronerion.com\/media\/wp-json\/wp\/v2\/pages\/193"}],"collection":[{"href":"https:\/\/www.chronerion.com\/media\/wp-json\/wp\/v2\/pages"}],"about":[{"href":"https:\/\/www.chronerion.com\/media\/wp-json\/wp\/v2\/types\/page"}],"author":[{"embeddable":true,"href":"https:\/\/www.chronerion.com\/media\/wp-json\/wp\/v2\/users\/1"}],"replies":[{"embeddable":true,"href":"https:\/\/www.chronerion.com\/media\/wp-json\/wp\/v2\/comments?post=193"}],"version-history":[{"count":5,"href":"https:\/\/www.chronerion.com\/media\/wp-json\/wp\/v2\/pages\/193\/revisions"}],"predecessor-version":[{"id":242,"href":"https:\/\/www.chronerion.com\/media\/wp-json\/wp\/v2\/pages\/193\/revisions\/242"}],"wp:attachment":[{"href":"https:\/\/www.chronerion.com\/media\/wp-json\/wp\/v2\/media?parent=193"}],"curies":[{"name":"wp","href":"https:\/\/api.w.org\/{rel}","templated":true}]}}